{"id":182,"date":"2026-03-03T19:52:18","date_gmt":"2026-03-03T19:52:18","guid":{"rendered":"https:\/\/sfvt.net\/?page_id=182"},"modified":"2026-03-03T19:52:20","modified_gmt":"2026-03-03T19:52:20","slug":"valitaan-rauhaan-puolueettomuuteen-ja-antimilitarismiin-perustuva-ulkopolitiikka","status":"publish","type":"page","link":"https:\/\/sfvt.net\/index.php\/valitaan-rauhaan-puolueettomuuteen-ja-antimilitarismiin-perustuva-ulkopolitiikka\/","title":{"rendered":"Valitaan rauhaan, puolueettomuuteen- ja antimilitarismiin perustuva ulkopolitiikka"},"content":{"rendered":"\n<p>Perjantaina 9.5.2025 tuli 80 vuotta, kun natsi-Saksan ylijohdon edustajat Keitel, Stumpf ja Friedenburg allekirjoittivat sopimuksen natsijoukkojen ehdoitta antautumisesta. T\u00e4m\u00e4 50 miljoonaa kuolonuhria ja mittaamattomat aineelliset vahingot vaatinut sota oli seurausta suuren p\u00e4\u00e4oman imperialistisesta pyrkimyksest\u00e4 anastaa Neuvostoliitolta sen alueet ja taloudelliset resurssit.<\/p>\n\n\n\n<p>Vuodesta 1933 Neuvostoliitto pyrki kaikin diplomaattisin keinoin rakentamaan Hitler-Saksan vastaisen liittouman. Britannia ja Ranska kehittiv\u00e4t kuitenkin politiikkaa, jonka tarkoituksena oli ohjata hitleril\u00e4iset hy\u00f6kk\u00e4\u00e4m\u00e4\u00e4n ensi vaiheessa Neuvostoliittoon. He my\u00f6s esittiv\u00e4t Hitlerille sopimusta Euroopan jakamisesta. Natsien suunnitelmiin sopi kuitenkin turvata ensin selustansa L\u00e4nsiEuroopassa ja hy\u00f6k\u00e4t\u00e4 vasta sen j\u00e4lkeen Neuvostoliittoon.<\/p>\n\n\n\n<p>T\u00e4m\u00e4 kaikki tulisi muistaa niiden, jotka t\u00e4n\u00e4\u00e4n kielt\u00e4ytyv\u00e4t n\u00e4kem\u00e4st\u00e4 Naton imperialistista luonnetta, puhuvat \u201dVen\u00e4j\u00e4n arvaamattomuudesta\u201d sek\u00e4 samaistavat Neuvostoliiton ja Saksan yhteismitallisina sodan aiheuttajina.<\/p>\n\n\n\n<p>Fasismi nostaa t\u00e4n\u00e4\u00e4n monella tavalla aktiviteettiaan. Monet mielt\u00e4v\u00e4t fasismin t\u00e4n\u00e4\u00e4n hitleril\u00e4isten tunnusmerkkien mukaiseksi ajatteluksi ja k\u00e4ytt\u00e4ytymiseksi (tavalliset katunatsit). Se on kuitenkin vain fasismin yksi ulkoinen muoto. Fasismi on ennen kaikkea kapitalismin talous- ja yhteiskuntapolitiikan \u00e4\u00e4rimuoto, joka saa monia ulkonaisia muotoja. Uusliberalismin politiikka kuten my\u00f6s Naton eskalaatiosota Ukrainassa l\u00e4hestyy fasismia, on ilmaus selke\u00e4st\u00e4 suuntautumisesta fasismiin. Lopullinen voitto fasismista on voitto raa\u2019asta rosvokapitalismista.<\/p>\n\n\n\n<p>Fasismista saatu voitto 80 vuotta sitten muutti ratkaisevasti maailman kehityst\u00e4. P\u00e4\u00e4omapiirien oli sopeuduttava politiikkaan, joka teki oikeutta my\u00f6s v\u00e4h\u00e4varaiselle kansanosalle. Ty\u00f6kansalla oli voimaa, jonka ansiosta kehitettiin hyvinvointiyhteiskuntaa ja entiset siirtomaat saivat vapautensa. T\u00e4n\u00e4\u00e4n globaali ylikansallinen p\u00e4\u00e4oma tavoittelee uudelleen my\u00f6s sotilaallisin toimin alueita ja taloudellisia resursseja. Toisen maailmansodan lopputulemat halutaan unohtaa ja mit\u00e4t\u00f6id\u00e4 natsi-Saksan tappion yhteiskunnallinen merkitys.<\/p>\n\n\n\n<p>Vastoin v. 1990 j\u00e4lkeen solmittuja kansainv\u00e4lisi\u00e4 sopimuksia Nato ty\u00f6ntyi kiinni Ven\u00e4j\u00e4n rajoihin ilmiselv\u00e4n\u00e4 pyrkimyksen\u00e4\u00e4n horjuttaa Ven\u00e4j\u00e4n sis\u00e4poliittista tilannetta. Vaarallisena osoituksena kriisin k\u00e4rjist\u00e4misest\u00e4 vastoin kansan tahtoa ja objektiivista etua, liitettiin Suomi Naton j\u00e4senyyteen, sek\u00e4 solmittiin is\u00e4nt\u00e4maa- ja DCA-sopimukset. Useat meneill\u00e4\u00e4n olevat ja j\u00e4rjestetyt Suomen ja Nato-maiden yhteiset sotaharjoitukset on tarkoitettu voimann\u00e4yt\u00f6ksi Ven\u00e4j\u00e4\u00e4 vastaan.<\/p>\n\n\n\n<p>Kapitalistisen maailman taloudellinen voimistunut kriisi ja siit\u00e4 seurannut ylikansallisten suuryritysten pyrkimys saada uusia voimavaroja Ven\u00e4j\u00e4n alueelta on merkitt\u00e4v\u00e4 perussyy syntyneeseen tilanteeseen, eik\u00e4 se luonteeltaan poikkea lainkaan siit\u00e4 tilanteesta, joka vallitsi ennen toista maailmansotaa. Tiedotusv\u00e4lineiss\u00e4 asioiden julkinen v\u00e4\u00e4ristely ja naapurimaamme solvaaminen on ylt\u00e4nyt k\u00e4sitt\u00e4m\u00e4tt\u00f6miin mittoihin.<\/p>\n\n\n\n<p>Ukrainaan j\u00e4rjestetty\u00e4 Naton eskalaatiosotaa (Proxy sota) hyv\u00e4ksik\u00e4ytt\u00e4en kehitet\u00e4\u00e4n valheellista Ven\u00e4j\u00e4n vastaista mediavy\u00f6rytyst\u00e4. Jo 10 vuotta sitten jokainen asiantuntija osasi ennakoida, ett\u00e4 yritys siirt\u00e4\u00e4 Naton kontrolliin ven\u00e4l\u00e4inen Krim, jossa on vuosisatojen ajan sijainnut yksi Ven\u00e4j\u00e4n t\u00e4rkeimmist\u00e4 laivastotukikohdista, oli vaarallinen yritys, joka ei voinut onnistua. Maailma my\u00f6s olisi huomattavasti nykyist\u00e4 turvattomampi paikka, jos Nato olisi onnistunut saamaan haltuunsa Sevastopolin, josta k\u00e4sin se olisi voinut kontrolloida ison alueen liikett\u00e4 ja toimintaa. T\u00e4m\u00e4 osoittaa natohaukkojen ja p\u00e4\u00e4omapiirien valinneen tien, jolla yritet\u00e4\u00e4n tavalla tai toisella v\u00e4kivaltaisesti horjuttaa Ven\u00e4j\u00e4n poliittista tilannetta. T\u00e4m\u00e4 on uhkarohkeaa ja tietoista seikkailupolitiikkaa.<\/p>\n\n\n\n<p>Meill\u00e4 Suomessa voimistetaan Ven\u00e4j\u00e4-vihamielisyytt\u00e4, jota tiedotusv\u00e4lineet aivan avoimesti muun muassa Ulkopoliittisen instituutti (UPI), Mediapooli sek\u00e4 koko valtiokoneisto ja sotilasjohto levitt\u00e4v\u00e4t. Kaiken t\u00e4m\u00e4n keskell\u00e4 suljetaan silm\u00e4t Ukrainassa tapahtuvalta natsimieliselt\u00e4 raa\u2019alta v\u00e4kivallalta.&nbsp; Liikenneyhteydet Ven\u00e4j\u00e4\u00e4n on katkaistu ja rajaliikenne suljettu. Mielenosoituksellisesti maamme ja Ven\u00e4j\u00e4n v\u00e4liselle rajalle alettiin rakentaa aitaa ja kaikki 80 vuotta yht\u00e4jaksoisesti kehittyneet taloudelliset ja kulttuuriset yhteydet on Suomen hallituksen toimesta maidemme v\u00e4lill\u00e4 katkaistu.<\/p>\n\n\n\n<p><strong>Kaiken t\u00e4m\u00e4n takia esit\u00e4mme ja vaadimme:<\/strong><\/p>\n\n\n\n<p><strong>1.<\/strong> On palattava Paasikiven-Kekkosen-linjan mukaiseen puolueettomuuspolitiikkaan ja lopetettava asiaton Ven\u00e4j\u00e4n vastainen mediavy\u00f6rytys.&nbsp;<\/p>\n\n\n\n<p><strong>2.<\/strong> Tulee palauttaa yst\u00e4v\u00e4llismieliset rauhanomaiset, taloudelliset ja kulttuuriset, naapuruussuhteet Suomen ja Ven\u00e4j\u00e4n v\u00e4lille. &nbsp;<\/p>\n\n\n\n<p><strong>3.<\/strong> Toisen maailmansodan lopputuloksen ja rauhansopimusten vastainen historian v\u00e4\u00e4ristely tulee lopettaa.<\/p>\n\n\n\n<p><strong>4.<\/strong> Maamme poliittisen korjausliikkeen j\u00e4lkeen Suomen tulee olla aloitteellinen uuden kattavan rauhansopimuksen solmimiseksi Eurooppaan.<\/p>\n\n\n\n<p><strong>3<\/strong>. On peruutettava USA:n kanssa jo sovitut \u201dis\u00e4nt\u00e4maasopimus\u201d ja DCA- sopimus.<\/p>\n\n\n\n<p><strong>6.<\/strong> Suomen tulee erota Nato-j\u00e4senyydest\u00e4 ja lopettaa kaikki Nato-yhteisty\u00f6<\/p>\n\n\n\n<p><strong>Fasismista saadun voiton ja toisen maailmansodan p\u00e4\u00e4ttymisen 80. vuosip\u00e4iv\u00e4n\u00e4 perjantaina 9.5.2025<\/strong><\/p>\n\n\n\n<p><strong>Sodan- ja Fasisminvastainen ty\u00f6 ry.<\/strong><\/p>\n","protected":false},"excerpt":{"rendered":"<p>Perjantaina 9.5.2025 tuli 80 vuotta, kun natsi-Saksan ylijohdon edustajat Keitel, Stumpf ja Friedenburg allekirjoittivat sopimuksen natsijoukkojen ehdoitta antautumisesta. T\u00e4m\u00e4 50 miljoonaa kuolonuhria ja mittaamattomat aineelliset vahingot vaatinut sota oli seurausta suuren p\u00e4\u00e4oman imperialistisesta pyrkimyksest\u00e4 anastaa Neuvostoliitolta sen alueet ja taloudelliset resurssit. Vuodesta 1933 Neuvostoliitto pyrki kaikin diplomaattisin keinoin rakentamaan Hitler-Saksan vastaisen liittouman. Britannia ja Ranska [&hellip;]<\/p>\n","protected":false},"author":1,"featured_media":0,"parent":0,"menu_order":0,"comment_status":"closed","ping_status":"closed","template":"","meta":{"_coblocks_attr":"","_coblocks_dimensions":"","_coblocks_responsive_height":"","_coblocks_accordion_ie_support":"","footnotes":""},"class_list":["post-182","page","type-page","status-publish","hentry"],"jetpack_sharing_enabled":true,"_links":{"self":[{"href":"https:\/\/sfvt.net\/index.php\/wp-json\/wp\/v2\/pages\/182","targetHints":{"allow":["GET"]}}],"collection":[{"href":"https:\/\/sfvt.net\/index.php\/wp-json\/wp\/v2\/pages"}],"about":[{"href":"https:\/\/sfvt.net\/index.php\/wp-json\/wp\/v2\/types\/page"}],"author":[{"embeddable":true,"href":"https:\/\/sfvt.net\/index.php\/wp-json\/wp\/v2\/users\/1"}],"replies":[{"embeddable":true,"href":"https:\/\/sfvt.net\/index.php\/wp-json\/wp\/v2\/comments?post=182"}],"version-history":[{"count":1,"href":"https:\/\/sfvt.net\/index.php\/wp-json\/wp\/v2\/pages\/182\/revisions"}],"predecessor-version":[{"id":184,"href":"https:\/\/sfvt.net\/index.php\/wp-json\/wp\/v2\/pages\/182\/revisions\/184"}],"wp:attachment":[{"href":"https:\/\/sfvt.net\/index.php\/wp-json\/wp\/v2\/media?parent=182"}],"curies":[{"name":"wp","href":"https:\/\/api.w.org\/{rel}","templated":true}]}}