{"id":185,"date":"2026-03-03T19:54:55","date_gmt":"2026-03-03T19:54:55","guid":{"rendered":"https:\/\/sfvt.net\/?page_id=185"},"modified":"2026-03-03T19:54:57","modified_gmt":"2026-03-03T19:54:57","slug":"kaikille-jotka-ovat-vastuussa-tavalla-tai-toisella-maamme-ulkopolitiikasta-ja-kansalaisten-turvallisuudesta","status":"publish","type":"page","link":"https:\/\/sfvt.net\/index.php\/kaikille-jotka-ovat-vastuussa-tavalla-tai-toisella-maamme-ulkopolitiikasta-ja-kansalaisten-turvallisuudesta\/","title":{"rendered":"Kaikille, jotka ovat vastuussa tavalla tai toisella maamme ulkopolitiikasta ja kansalaisten turvallisuudesta!"},"content":{"rendered":"\n<p>Ulko- ja turvallisuuspolitiikasta vastaavat ministerit, poliitikot, virkamiehet, teid\u00e4n tulisi ymm\u00e4rt\u00e4\u00e4 nykyisen suuntaisen ulko- ja turvallisuuspolitiikkanne tuhoisa vaikutus maamme kehitykselle. Viimeist\u00e4\u00e4n nyt pit\u00e4isi tajuta, ett\u00e4 olette tehneet p\u00e4\u00e4t\u00f6ksi\u00e4, joilla voi olla katastrofaalisia seurauksia. Pahimmassa tapauksessa katastrofaaliset seuraukset ovat laaja-alaisia ja pitk\u00e4kestoisia. Maamme ulko- ja turvallisuuspolitiikan alistaminen EU:n ja USA:n suurvaltapoliittisille tavoitteille saattaa aiheuttaa Ven\u00e4j\u00e4ll\u00e4 vastatoimia.<\/p>\n\n\n\n<p><strong>Maaper\u00e4ll\u00e4mme tapahtuva vieraiden valtioiden sotajoukkojen harjoittelu<\/strong> on niit\u00e4 l\u00e4hett\u00e4neiden suurvaltapoliittinen toimi. V\u00e4itteet, ett\u00e4 joukkojen sotaharjoitus maassamme palvelisi vain Suomea, ovat typeri\u00e4 tai tietoista tosiasioiden v\u00e4\u00e4ristelemist\u00e4. Yhdysvaltojen ja sen liittolaisten sotilasyksik\u00f6iden l\u00e4hett\u00e4minen maahamme on Ven\u00e4j\u00e4\u00e4n kohdistettu aggressio.<\/p>\n\n\n\n<p><strong>Naton ja joidenkin suomalaisten virkamiesten allekirjoittama<\/strong> is\u00e4nt\u00e4maasopimus (Host Nation Support Memorandum of Understanding, HNS MoU) sek\u00e4 NATON sotaharjoitus Suomessa ovat osa suuremmasta sotilasstrategiasta. Ne kuuluvat kokonaisuuteen, joka luo tilanteen, jossa maamme on pelkk\u00e4 suurvaltojen pelinappula, joka uhrataan tarpeen vaatiessa. El\u00e4mme kasvavassa suurvaltapoliittisessa kriisiss\u00e4, joten ei ole syyt\u00e4 j\u00e4tt\u00e4\u00e4 huomioimatta suurvaltojen eturistiriitoja.<\/p>\n\n\n\n<p><strong>T\u00e4rkeit\u00e4 p\u00e4\u00e4t\u00f6ksi\u00e4 tekevilt\u00e4 tulee vaatia<\/strong> asemansa mukaista ymm\u00e4rryst\u00e4 sotilaspoliittisen ja suurvaltapoliittisten toimien merkityksest\u00e4. Heid\u00e4n tulee ymm\u00e4rt\u00e4\u00e4 sekin, ettei yksitt\u00e4inen kansainv\u00e4linen sotaharjoitus ole mik\u00e4\u00e4n irrallinen ja erillinen ilmi\u00f6 muusta politiikasta.<\/p>\n\n\n\n<p><strong>N\u00e4in suuria harjoituksia<\/strong>, joita viime aikoina on j\u00e4rjestetty, maassamme ei ole loogista k\u00e4sitell\u00e4 vain Suomen omana etuna. Ulko- ja puolustusministerimme antamat lausunnot viittaavat paluuseen maamme sotien v\u00e4lisen ajan turmiolliseen ulkopolitiikkaan.<\/p>\n\n\n\n<p><strong>On syyt\u00e4 kerrata <em>Paasikiven ja Kekkosen<\/em> ajatuksia<\/strong> rauhanomaisen rinnakkainelon perusteista. Sodan j\u00e4lkeinen Paasikiven ja Kekkosen ulko- ja turvallisuuspoliittisena toimintamallina oli pit\u00e4\u00e4 maamme erossa suurvaltojen eturistiriidoista. T\u00e4m\u00e4 toimintamalli on edelleen Suomen etu.<\/p>\n\n\n\n<p><strong>Armeijaamme on j\u00e4rjestelm\u00e4llisesti mukautettu yhteensopivaksi Naton sotavoimien kanssa<\/strong>. Yhteensovittaminen on tapahtunut ilman poliittista keskustelua tasavaltamme kansalaisten eduista. Kalusto ja armeijan rakenne ja jopa komennuskieli on sovitettu Naton komentoj\u00e4rjestelm\u00e4\u00e4n sopiviksi. Ei voi en\u00e4\u00e4 puhua puolustusvoimista, vaan sotavoimista, koska armeijalaitos on sovitettu osaksi l\u00e4nnen suurvaltapoliittisia tavoitteita. Viime vuosina on her\u00e4nnyt vahva ep\u00e4ilys, ett\u00e4 my\u00f6s maamme poliittinen johto on p\u00e4\u00e4piirteiss\u00e4\u00e4n saatettu yhteensopivaksi l\u00e4ntiseen suurvaltapolitiikkaan. Kaiken lis\u00e4ksi joidenkin virkamiesten allekirjoittama, eduskunnassa k\u00e4sittelem\u00e4t\u00f6n is\u00e4nt\u00e4maasopimus on saattanut meid\u00e4t tavallisetkin ihmiset osaksi l\u00e4ntist\u00e4 suurvaltaliittoutuman suurvaltapolitiikkaa. Maamme satamat ja lentokent\u00e4t sek\u00e4 koko maaper\u00e4mme on alistettu osaksi l\u00e4ntist\u00e4 sotilaspoliittista strategiaa. Se tekee maastamme Ven\u00e4j\u00e4lle mahdollisen uhan, joka voi milloin tahansa k\u00e4rjisty\u00e4 avoimeksi konfliktiksi. Poliittisessa vallassa olevat sek\u00e4 osa virkamieskuntaa ovat onnistuneet liitt\u00e4m\u00e4\u00e4n Suomen osaksi Yhdysvaltojen ja sen liittolaisten aggressiivista suurvaltapolitiikkaa. Olemme nyt ik\u00e4vien tosiasioiden edess\u00e4, koska asiaa ei ole k\u00e4sitelty demokraattisten menettelytapojen mukaisesti p\u00e4\u00e4tt\u00e4viss\u00e4 elimiss\u00e4, kuten eduskunnassa, vaan se on toteutettu salaisena virkamiesty\u00f6n\u00e4. Juhlapuheissa ja korulauseissa mainitaan Suomi itsen\u00e4iseksi ja liittoutumattomaksi, mutta teknisesti, strategisesti, poliittisesti ja taloudellisesti maamme on sidottu l\u00e4ntisen suurvaltaliittoutuman politiikkaa toteuttavaksi vasallivaltioksi. Tilanteessa on paljon samankaltaisuuksia aikaan, jolloin maamme oli suhteessa Saksaan, alkaen vuoden 1917 itsen\u00e4iseksi julistautumisesta ja p\u00e4\u00e4ttyen vuonna 1944 Suomen irrottautumiseen toisesta maailmansodasta. Virallisesti maamme ei ollut liitossa edes sodassa, jossa Natsi-Saksa k\u00e4ytti surutta maaper\u00e4\u00e4mme sodan valmisteluun ja sotatoimiin silloista Neuvostoliittoa vastaan, vaikka Suomen armeija soti aivan samalla tavoin Neuvostoliittoa vastaan sulassa sovussa saksalaisten kanssa. Neuvostoliitto ja muut liittoutuneet olivat aivan oikeutettuja pit\u00e4m\u00e4\u00e4n sodan loppuessa maatamme Natsi-Saksan sotaliittolaisena heit\u00e4 vastaan.<\/p>\n\n\n\n<p><strong>Ministereill\u00e4, poliittisilla p\u00e4\u00e4tt\u00e4jill\u00e4, sek\u00e4 virkamiehill\u00e4<\/strong>, on oltava laajaa ja syv\u00e4llist\u00e4 ymm\u00e4rryst\u00e4 ulko- ja turvallisuuspolitiikan kysymyksist\u00e4. Politiikan johtajilla on vastuu maamme asemasta suurvaltapoliittisella pelikent\u00e4ll\u00e4. Toteutammeko ulkopolitiikkamme suhteessa Ven\u00e4j\u00e4\u00e4n niin kuin ulkoministeri <strong>Erkko<\/strong>, joka kehotti Paasikive\u00e4 Neuvostoliiton kanssa k\u00e4yt\u00e4viss\u00e4 neuvotteluissa olemaan pit\u00e4m\u00e4tt\u00e4 t\u00e4t\u00e4 suurvaltana? Vai l\u00e4hdemmek\u00f6 Paasikiven ajatuksesta, ettei Suomi voi maantieteelliselle asemalleen mit\u00e4\u00e4n. Eik\u00f6 maamme ulkopoliittisesta johdostaa l\u00f6ydy ymm\u00e4rryst\u00e4 puolueettomuuspolitiikalle?<\/p>\n\n\n\n<p><strong>Suomen poliittisen johdon pit\u00e4\u00e4 tunnustaa<\/strong>, ett\u00e4 yhteisymm\u00e4rrysp\u00f6yt\u00e4kirjan nimell\u00e4 kulkeva is\u00e4nt\u00e4maasopimus on tosiasiallisesti maatamme velvoittava ja sitova sotilastekninen asiakirja. Se on osa laajempaa sotilaspoliittista ja suurvaltapoliittista strategiaa. Sopimuksen sis\u00e4lt\u00f6\u00e4 v\u00e4h\u00e4ttelem\u00e4ll\u00e4 sek\u00e4 salaamalla on peitelty sen todellinen merkitys. On laiminly\u00f6ty my\u00f6s sen parlamentaarinen k\u00e4sittely eli se on saatettu voimaan viranomaisp\u00e4\u00e4t\u00f6ksill\u00e4. Asiakirjan k\u00e4sittelyn yhteydess\u00e4 on paljastunut maamme yl\u00e4tason poliittisen johdon suhtautuminen perustuslakiin. Is\u00e4nt\u00e4maasopimus ei ole laillinen ja se pit\u00e4isi todeta p\u00e4tem\u00e4tt\u00f6m\u00e4ksi eduskunnan p\u00e4\u00e4t\u00f6ksell\u00e4. <\/p>\n\n\n\n<p><strong>Sodan- ja Fasismin vastainen ty\u00f6 ry:n hallitus 9.6.2016<\/strong><\/p>\n","protected":false},"excerpt":{"rendered":"<p>Ulko- ja turvallisuuspolitiikasta vastaavat ministerit, poliitikot, virkamiehet, teid\u00e4n tulisi ymm\u00e4rt\u00e4\u00e4 nykyisen suuntaisen ulko- ja turvallisuuspolitiikkanne tuhoisa vaikutus maamme kehitykselle. Viimeist\u00e4\u00e4n nyt pit\u00e4isi tajuta, ett\u00e4 olette tehneet p\u00e4\u00e4t\u00f6ksi\u00e4, joilla voi olla katastrofaalisia seurauksia. Pahimmassa tapauksessa katastrofaaliset seuraukset ovat laaja-alaisia ja pitk\u00e4kestoisia. Maamme ulko- ja turvallisuuspolitiikan alistaminen EU:n ja USA:n suurvaltapoliittisille tavoitteille saattaa aiheuttaa Ven\u00e4j\u00e4ll\u00e4 vastatoimia. Maaper\u00e4ll\u00e4mme [&hellip;]<\/p>\n","protected":false},"author":1,"featured_media":0,"parent":0,"menu_order":0,"comment_status":"closed","ping_status":"closed","template":"","meta":{"_coblocks_attr":"","_coblocks_dimensions":"","_coblocks_responsive_height":"","_coblocks_accordion_ie_support":"","footnotes":""},"class_list":["post-185","page","type-page","status-publish","hentry"],"jetpack_sharing_enabled":true,"_links":{"self":[{"href":"https:\/\/sfvt.net\/index.php\/wp-json\/wp\/v2\/pages\/185","targetHints":{"allow":["GET"]}}],"collection":[{"href":"https:\/\/sfvt.net\/index.php\/wp-json\/wp\/v2\/pages"}],"about":[{"href":"https:\/\/sfvt.net\/index.php\/wp-json\/wp\/v2\/types\/page"}],"author":[{"embeddable":true,"href":"https:\/\/sfvt.net\/index.php\/wp-json\/wp\/v2\/users\/1"}],"replies":[{"embeddable":true,"href":"https:\/\/sfvt.net\/index.php\/wp-json\/wp\/v2\/comments?post=185"}],"version-history":[{"count":1,"href":"https:\/\/sfvt.net\/index.php\/wp-json\/wp\/v2\/pages\/185\/revisions"}],"predecessor-version":[{"id":187,"href":"https:\/\/sfvt.net\/index.php\/wp-json\/wp\/v2\/pages\/185\/revisions\/187"}],"wp:attachment":[{"href":"https:\/\/sfvt.net\/index.php\/wp-json\/wp\/v2\/media?parent=185"}],"curies":[{"name":"wp","href":"https:\/\/api.w.org\/{rel}","templated":true}]}}