{"id":69,"date":"2025-11-29T09:12:57","date_gmt":"2025-11-29T09:12:57","guid":{"rendered":"https:\/\/sfvt.net\/?page_id=69"},"modified":"2026-02-12T14:15:10","modified_gmt":"2026-02-12T14:15:10","slug":"sft","status":"publish","type":"page","link":"https:\/\/sfvt.net\/index.php\/sft\/","title":{"rendered":"J\u00e4rjest\u00f6st\u00e4"},"content":{"rendered":"\n<p><strong>Mik\u00e4 on SFT ja mit\u00e4 se vaatii?<\/strong><\/p>\n\n\n\n<p>Sodan ja fasismin vastainen ty\u00f6 on suomalainen rauhanj\u00e4rjest\u00f6. Sen perustivat 1959 toisen maailmansodan veteraanit, sen aikaiset pasifistit ja fasismin vastustajat, jotka aktiivisesti olivat vastustaneet suomalais-saksalaista fasismia jopa oman henkens\u00e4 ja vapautensa menett\u00e4misen uhalla.<\/p>\n\n\n\n<p>T\u00e4n\u00e4 p\u00e4iv\u00e4n\u00e4 SFT on tinkim\u00e4t\u00f6n rauhanpuolustaja, jota tunnistaa ja haluaa nostaa esiin militarismin taustalla olevat yhteiskunnalliset syyt. Emme ole joutuneet nykyiseen tilanteeseen sattumalta, vaan kyse on kapitalistisen j\u00e4rjestelm\u00e4n jatkuvasta kehittymisest\u00e4 turvaamaan mahdollisimman suuret voitot p\u00e4\u00e4oman omistajille.<\/p>\n\n\n\n<p>Suomen heikon taloudellisen tilanteentaustalla on NATOon liittyminen ja sen my\u00f6t\u00e4 toteutettu koko yhteiskunnan militarisointi mutta my\u00f6s Ven\u00e4j\u00e4-vastaisuus, jonka my\u00f6t\u00e4 kaikki kulttuurinen ja taloudellinen kanssak\u00e4yminen ven\u00e4l\u00e4isten kanssa on katkaistu.<\/p>\n\n\n\n<p>On syyt\u00e4 huomata, ett\u00e4 ns. Ven\u00e4j\u00e4n uhka on suomalaisten eduskuntapuolueiden itsen\u00e4 luoma ja yll\u00e4pit\u00e4m\u00e4. Ukrainan sodan my\u00f6t\u00e4 suomainen eliitti n\u00e4ki tilaisuutensa tulleen ja pitk\u00e4\u00e4n kypsytelty NATO-j\u00e4senyys saatiin toteutettua kansan etujen vastaisesti hyvin nopeasti ilman kansalaiskeskustelua. Ven\u00e4j\u00e4 ei uhannut Suomea mill\u00e4\u00e4n tavoin ja pysytt\u00e4ytyminen puolueettomana olisi taannut Suomen hyv\u00e4n turvallisuustilanteen, taloudellisen kasvun ja mahdollisuuden kehitt\u00e4\u00e4 hyvinvointiyhteiskuntaa.<\/p>\n\n\n\n<p>NATO-j\u00e4senyys on tuonut jatkuvan turvallisuustilanteen heikkenemisen, joka sitoo yh\u00e4 suuremman osan Suomen budjetista yhteiskunnan militarisaatioon ja h\u00e4vitt\u00e4\u00e4 suomalaisen hyvinvointiyhteiskunnan, jos sen viel\u00e4 voidaan katsoa olevan olemassa.<\/p>\n\n\n\n<p>SFT taistelee demokratian puolesta ja militarisaatiota vastaan.<\/p>\n\n\n\n<p>SFT:n l\u00e4hiajan tavoitteet:<\/p>\n\n\n\n<ul class=\"wp-block-list\">\n<li>Suomen ja Ven\u00e4j\u00e4n rajat on avattava ja suomalaisten ja ven\u00e4l\u00e4isten luonteva kanssak\u00e4yminen mahdollistettava<\/li>\n<\/ul>\n\n\n\n<ul class=\"wp-block-list\">\n<li>Kaikenlaiset toisiin maihin kohdistuvat pakotteet on lopetettava. Pakotteet kurjistavat tavallista kansaa ja hankaloittavat kansojen v\u00e4lisen yhteisty\u00f6n toteuttamista<\/li>\n<\/ul>\n\n\n\n<p>SFT:n pidemm\u00e4n aikav\u00e4lin tavoitteet<\/p>\n\n\n\n<ul class=\"wp-block-list\">\n<li>Suomen on erottava NATOsta ja omaksuttava todellinen puolueettomuus<\/li>\n<\/ul>\n\n\n\n<p>Tule mukaan taisteluun!<\/p>\n","protected":false},"excerpt":{"rendered":"<p>Mik\u00e4 on SFT ja mit\u00e4 se vaatii? Sodan ja fasismin vastainen ty\u00f6 on suomalainen rauhanj\u00e4rjest\u00f6. Sen perustivat 1959 toisen maailmansodan veteraanit, sen aikaiset pasifistit ja fasismin vastustajat, jotka aktiivisesti olivat vastustaneet suomalais-saksalaista fasismia jopa oman henkens\u00e4 ja vapautensa menett\u00e4misen uhalla. T\u00e4n\u00e4 p\u00e4iv\u00e4n\u00e4 SFT on tinkim\u00e4t\u00f6n rauhanpuolustaja, jota tunnistaa ja haluaa nostaa esiin militarismin taustalla olevat [&hellip;]<\/p>\n","protected":false},"author":1,"featured_media":0,"parent":0,"menu_order":0,"comment_status":"closed","ping_status":"closed","template":"","meta":{"_coblocks_attr":"","_coblocks_dimensions":"","_coblocks_responsive_height":"","_coblocks_accordion_ie_support":"","footnotes":""},"class_list":["post-69","page","type-page","status-publish","hentry"],"jetpack_sharing_enabled":true,"_links":{"self":[{"href":"https:\/\/sfvt.net\/index.php\/wp-json\/wp\/v2\/pages\/69","targetHints":{"allow":["GET"]}}],"collection":[{"href":"https:\/\/sfvt.net\/index.php\/wp-json\/wp\/v2\/pages"}],"about":[{"href":"https:\/\/sfvt.net\/index.php\/wp-json\/wp\/v2\/types\/page"}],"author":[{"embeddable":true,"href":"https:\/\/sfvt.net\/index.php\/wp-json\/wp\/v2\/users\/1"}],"replies":[{"embeddable":true,"href":"https:\/\/sfvt.net\/index.php\/wp-json\/wp\/v2\/comments?post=69"}],"version-history":[{"count":3,"href":"https:\/\/sfvt.net\/index.php\/wp-json\/wp\/v2\/pages\/69\/revisions"}],"predecessor-version":[{"id":131,"href":"https:\/\/sfvt.net\/index.php\/wp-json\/wp\/v2\/pages\/69\/revisions\/131"}],"wp:attachment":[{"href":"https:\/\/sfvt.net\/index.php\/wp-json\/wp\/v2\/media?parent=69"}],"curies":[{"name":"wp","href":"https:\/\/api.w.org\/{rel}","templated":true}]}}